{"id":51,"date":"2017-04-17T17:27:02","date_gmt":"2017-04-17T17:27:02","guid":{"rendered":"http:\/\/dvd-margecan.hr\/?page_id=51"},"modified":"2026-02-06T14:43:17","modified_gmt":"2026-02-06T13:43:17","slug":"duznosti","status":"publish","type":"page","link":"https:\/\/dvd-margecan.hr\/?page_id=51","title":{"rendered":"DU\u017dNOSTI"},"content":{"rendered":"\n<p class=\"has-medium-font-size\"><strong>Du\u017enosti u DVD Marge\u010dan<\/strong><\/p>\n\n\n\n<p class=\"has-vivid-red-color has-text-color has-medium-font-size\"><span style=\"text-decoration: underline;\">U mandatnom razdoblju 2026.-2031.:<\/span><\/p>\n\n\n\n<p><em>Predsjednik:<\/em> <strong>Davor \u0110uras<\/strong><\/p>\n\n\n\n<p><em>Zamjenik predsjednika:<\/em> <strong>Josip Vida\u010dek<\/strong><\/p>\n\n\n\n<p><em>Zapovjednik:<\/em> <strong>Mario Lackovi\u0107<\/strong><\/p>\n\n\n\n<p><em>Zamjenik zapovjednika:<\/em> <strong>Velimir Vida\u010dek<\/strong><\/p>\n\n\n\n<p><em>Tajnik:<\/em> <strong>Anamarija \u0110uras<\/strong><\/p>\n\n\n\n<p><em>Blagajnik:<\/em> <strong>Martina Vida\u010dek<\/strong> <strong>Dlesk<\/strong><\/p>\n\n\n\n<p><em>Spremi\u0161tar:<\/em> <strong>Ivica Lackovi\u0107<\/strong><\/p>\n\n\n\n<p><em>Upravni odbor:<\/em> <strong>Davor \u0110uras, Josip Vida\u010dek, Mario Lackovi\u0107, Velimir Vida\u010dek, Anamarija \u0110uras, Martina Vida\u010dek, Ivica Lackovi\u0107, Zdenko \u0110uras, Robert \u0110uras, Krunoslav \u0110uras, Ivica Copak<\/strong><\/p>\n\n\n\n<p><em>Zapovjedni\u0161tvo:<\/em> <strong>Mario Lackovi\u0107, Velimir Vida\u010dek, Ivica Lackovi\u0107, Ivica Copak, Marko Zagorec, Vedran Kocijan, Tomislav Vida\u010dek, Danijel Kozuli\u0107, Kristijan \u0110uras<\/strong><\/p>\n\n\n\n<p><em>Nadzorni odbor: <\/em><strong>Sanja Vida\u010dek<\/strong> (predsjednik NO), <strong>Natalija \u0110or\u0111evi\u0107<\/strong> (\u010dlan), <strong>Katarina Lackovi\u0107<\/strong> (\u010dlan)<\/p>\n\n\n\n<p><em>Sud \u010dasti:<\/em> <strong>Daria Lackovi\u0107, Damir \u0110uras, Mario Kozuli\u0107, Tomica Krznar, Sandra Krznar Vida\u010dek<\/strong><\/p>\n","protected":false},"excerpt":{"rendered":"<p>Du\u017enosti u DVD Marge\u010dan U mandatnom razdoblju 2026.-2031.: Predsjednik: Davor \u0110uras Zamjenik predsjednika: Josip Vida\u010dek Zapovjednik: Mario Lackovi\u0107 Zamjenik zapovjednika: Velimir Vida\u010dek Tajnik: Anamarija \u0110uras Blagajnik: Martina Vida\u010dek Dlesk Spremi\u0161tar: Ivica Lackovi\u0107 Upravni odbor: Davor \u0110uras, Josip Vida\u010dek, Mario Lackovi\u0107, Velimir Vida\u010dek, Anamarija \u0110uras, Martina Vida\u010dek, Ivica Lackovi\u0107, Zdenko \u0110uras, Robert \u0110uras, Krunoslav \u0110uras, Ivica &hellip;<br \/><a href=\"https:\/\/dvd-margecan.hr\/?page_id=51\" class=\"more-link pen_button pen_element_default pen_icon_arrow_double\">Nastavite \u010ditati <span class=\"screen-reader-text\">DU\u017dNOSTI<\/span><\/a><\/p>\n","protected":false},"author":1,"featured_media":0,"parent":0,"menu_order":0,"comment_status":"closed","ping_status":"closed","template":"","meta":[],"_links":{"self":[{"href":"https:\/\/dvd-margecan.hr\/index.php?rest_route=\/wp\/v2\/pages\/51"}],"collection":[{"href":"https:\/\/dvd-margecan.hr\/index.php?rest_route=\/wp\/v2\/pages"}],"about":[{"href":"https:\/\/dvd-margecan.hr\/index.php?rest_route=\/wp\/v2\/types\/page"}],"author":[{"embeddable":true,"href":"https:\/\/dvd-margecan.hr\/index.php?rest_route=\/wp\/v2\/users\/1"}],"replies":[{"embeddable":true,"href":"https:\/\/dvd-margecan.hr\/index.php?rest_route=%2Fwp%2Fv2%2Fcomments&post=51"}],"version-history":[{"count":9,"href":"https:\/\/dvd-margecan.hr\/index.php?rest_route=\/wp\/v2\/pages\/51\/revisions"}],"predecessor-version":[{"id":1089,"href":"https:\/\/dvd-margecan.hr\/index.php?rest_route=\/wp\/v2\/pages\/51\/revisions\/1089"}],"wp:attachment":[{"href":"https:\/\/dvd-margecan.hr\/index.php?rest_route=%2Fwp%2Fv2%2Fmedia&parent=51"}],"curies":[{"name":"wp","href":"https:\/\/api.w.org\/{rel}","templated":true}]}}