{"id":269,"date":"2021-07-08T06:45:51","date_gmt":"2021-07-08T05:45:51","guid":{"rendered":"https:\/\/dvd-margecan.hr\/?page_id=269"},"modified":"2021-07-09T06:21:23","modified_gmt":"2021-07-09T05:21:23","slug":"vatrogasci-savjetuju","status":"publish","type":"page","link":"https:\/\/dvd-margecan.hr\/?page_id=269","title":{"rendered":"VATROGASCI SAVJETUJU"},"content":{"rendered":"\n<p class=\"has-vivid-red-color has-text-color\" style=\"font-size:21px\"><strong>112<\/strong> &#8211; BROJ ZA HITNE SITUACIJE; <strong>192<\/strong> &#8211; POLICIJA; <strong>193<\/strong> &#8211; VATROGASCI; <strong>194<\/strong> &#8211; HITNA POMO\u0106<\/p>\n\n\n\n<p class=\"has-cyan-bluish-gray-color has-text-color\"><\/p>\n\n\n\n<hr class=\"wp-block-separator\"\/>\n\n\n\n<figure class=\"wp-block-image size-large is-resized\"><img decoding=\"async\" loading=\"lazy\" src=\"https:\/\/dvd-margecan.hr\/wp-content\/uploads\/2021\/07\/153450326_5350605044964792_386332094961672770_n-1024x483.jpg\" alt=\"\" class=\"wp-image-270\" width=\"865\" height=\"408\" srcset=\"https:\/\/dvd-margecan.hr\/wp-content\/uploads\/2021\/07\/153450326_5350605044964792_386332094961672770_n-1024x483.jpg 1024w, https:\/\/dvd-margecan.hr\/wp-content\/uploads\/2021\/07\/153450326_5350605044964792_386332094961672770_n-300x142.jpg 300w, https:\/\/dvd-margecan.hr\/wp-content\/uploads\/2021\/07\/153450326_5350605044964792_386332094961672770_n-768x363.jpg 768w, https:\/\/dvd-margecan.hr\/wp-content\/uploads\/2021\/07\/153450326_5350605044964792_386332094961672770_n.jpg 1040w\" sizes=\"(max-width: 865px) 100vw, 865px\" \/><\/figure>\n\n\n\n<figure class=\"wp-block-image size-large\"><img decoding=\"async\" loading=\"lazy\" width=\"605\" height=\"768\" src=\"https:\/\/dvd-margecan.hr\/wp-content\/uploads\/2021\/07\/98307204_4076355519056424_8716838415896674304_n.jpg\" alt=\"\" class=\"wp-image-271\" srcset=\"https:\/\/dvd-margecan.hr\/wp-content\/uploads\/2021\/07\/98307204_4076355519056424_8716838415896674304_n.jpg 605w, https:\/\/dvd-margecan.hr\/wp-content\/uploads\/2021\/07\/98307204_4076355519056424_8716838415896674304_n-236x300.jpg 236w\" sizes=\"(max-width: 605px) 100vw, 605px\" \/><\/figure>\n\n\n\n<figure class=\"wp-block-image size-large\"><img decoding=\"async\" loading=\"lazy\" width=\"678\" height=\"960\" src=\"https:\/\/dvd-margecan.hr\/wp-content\/uploads\/2021\/07\/133721917_3321201594650398_7615760363406345315_n.jpg\" alt=\"\" class=\"wp-image-272\" srcset=\"https:\/\/dvd-margecan.hr\/wp-content\/uploads\/2021\/07\/133721917_3321201594650398_7615760363406345315_n.jpg 678w, https:\/\/dvd-margecan.hr\/wp-content\/uploads\/2021\/07\/133721917_3321201594650398_7615760363406345315_n-212x300.jpg 212w\" sizes=\"(max-width: 678px) 100vw, 678px\" \/><\/figure>\n\n\n\n<figure class=\"wp-block-image size-large\"><img decoding=\"async\" loading=\"lazy\" width=\"410\" height=\"1024\" src=\"https:\/\/dvd-margecan.hr\/wp-content\/uploads\/2021\/07\/84346915_3841306459227999_9051183555257827328_n-410x1024.jpg\" alt=\"\" class=\"wp-image-273\" srcset=\"https:\/\/dvd-margecan.hr\/wp-content\/uploads\/2021\/07\/84346915_3841306459227999_9051183555257827328_n-410x1024.jpg 410w, https:\/\/dvd-margecan.hr\/wp-content\/uploads\/2021\/07\/84346915_3841306459227999_9051183555257827328_n-120x300.jpg 120w, https:\/\/dvd-margecan.hr\/wp-content\/uploads\/2021\/07\/84346915_3841306459227999_9051183555257827328_n-768x1920.jpg 768w, https:\/\/dvd-margecan.hr\/wp-content\/uploads\/2021\/07\/84346915_3841306459227999_9051183555257827328_n.jpg 800w\" sizes=\"(max-width: 410px) 100vw, 410px\" \/><\/figure>\n\n\n\n<hr class=\"wp-block-separator\"\/>\n\n\n\n<p class=\"has-vivid-red-color has-text-color has-medium-font-size\"><strong><span style=\"text-decoration: underline;\">PROMOTIVNI VIDEO<\/span><\/strong><\/p>\n\n\n\n<p class=\"has-vivid-cyan-blue-color has-text-color\"><a href=\"https:\/\/www.youtube.com\/watch?v=btLjoqd7OiQ\">Savjeti za najmla\u0111e &#8211; protupo\u017earna kultura<\/a><\/p>\n\n\n\n<p class=\"has-vivid-cyan-blue-color has-text-color\"><a href=\"https:\/\/www.youtube.com\/watch?v=TlS5fWVSKNI\">Edukativni film o za\u0161titi od po\u017eara u ku\u0107anstvu<\/a><\/p>\n\n\n\n<p class=\"has-vivid-cyan-blue-color has-text-color\"><a href=\"https:\/\/www.youtube.com\/watch?v=LdbZGUVETOU\">Vatrogasci savjetuju: Oprezno sa spaljivanjem biljnog otpada<\/a><\/p>\n","protected":false},"excerpt":{"rendered":"<p>112 &#8211; BROJ ZA HITNE SITUACIJE; 192 &#8211; POLICIJA; 193 &#8211; VATROGASCI; 194 &#8211; HITNA POMO\u0106 PROMOTIVNI VIDEO Savjeti za najmla\u0111e &#8211; protupo\u017earna kultura Edukativni film o za\u0161titi od po\u017eara u ku\u0107anstvu Vatrogasci savjetuju: Oprezno sa spaljivanjem biljnog otpada<\/p>\n","protected":false},"author":1,"featured_media":0,"parent":0,"menu_order":0,"comment_status":"closed","ping_status":"closed","template":"","meta":[],"_links":{"self":[{"href":"https:\/\/dvd-margecan.hr\/index.php?rest_route=\/wp\/v2\/pages\/269"}],"collection":[{"href":"https:\/\/dvd-margecan.hr\/index.php?rest_route=\/wp\/v2\/pages"}],"about":[{"href":"https:\/\/dvd-margecan.hr\/index.php?rest_route=\/wp\/v2\/types\/page"}],"author":[{"embeddable":true,"href":"https:\/\/dvd-margecan.hr\/index.php?rest_route=\/wp\/v2\/users\/1"}],"replies":[{"embeddable":true,"href":"https:\/\/dvd-margecan.hr\/index.php?rest_route=%2Fwp%2Fv2%2Fcomments&post=269"}],"version-history":[{"count":6,"href":"https:\/\/dvd-margecan.hr\/index.php?rest_route=\/wp\/v2\/pages\/269\/revisions"}],"predecessor-version":[{"id":321,"href":"https:\/\/dvd-margecan.hr\/index.php?rest_route=\/wp\/v2\/pages\/269\/revisions\/321"}],"wp:attachment":[{"href":"https:\/\/dvd-margecan.hr\/index.php?rest_route=%2Fwp%2Fv2%2Fmedia&parent=269"}],"curies":[{"name":"wp","href":"https:\/\/api.w.org\/{rel}","templated":true}]}}