{"id":26,"date":"2016-06-21T04:54:09","date_gmt":"2016-06-21T04:54:09","guid":{"rendered":"http:\/\/dvd-margecan.hr\/?page_id=26"},"modified":"2023-03-27T10:54:11","modified_gmt":"2023-03-27T09:54:11","slug":"kontakt","status":"publish","type":"page","link":"https:\/\/dvd-margecan.hr\/?page_id=26","title":{"rendered":"KONTAKT"},"content":{"rendered":"<p><strong>DOBROVOLJNO VATROGASNO DRU\u0160TVO MARGE\u010cAN<br \/><\/strong><\/p>\n<p><strong> DVD Marge\u010dan<\/strong><\/p>\n<p>Trg Sv. Margarete 12, Marge\u010dan<\/p>\n<p>42242 Radovan<\/p>\n<p>Tel. +385 42 747 900<\/p>\n<p>e-mail: <a href=\"mailto:dvdmargecan@gmail.com\">dvdmargecan@gmail.com<\/a><\/p>\n<p>OIB: 41992385299<\/p>\n<p>IBAN: HR54 2360 0001 1017 4314 9\u00a0\u00a0\u00a0 Zagreba\u010dka banka<\/p>\n<hr \/>\n<p>Predsjednik: <strong>Davor \u0110uras<\/strong>, +385 98 518 807, <a href=\"mailto:davor.djuras@gmail.com\"><span style=\"text-decoration: underline;\"><span style=\"color: #0000ff; text-decoration: underline;\">davor.djuras@gmail.com<\/span><\/span><\/a><\/p>\n<p>Tajnik: <strong>Anamarija \u0110uras<\/strong>, +385 98 904 9087, <a href=\"mailto:aduras88@gmail.com\"><span style=\"text-decoration: underline;\"><span style=\"color: #0000ff; text-decoration: underline;\">aduras88@gmail.com<\/span><\/span><\/a><\/p>\n<p>Zapovjednik: <strong>Mario Lackovi\u0107<\/strong>, +385 98 909 4427,<span style=\"text-decoration: underline;\"><span style=\"color: #0000ff;\"> <a style=\"color: #0000ff; text-decoration: underline;\" href=\"mailto:mr.lackovic@gmail.com\">mr.lackovic@gmail.com<\/a><\/span><\/span><\/p>\n<p>Spremi\u0161tar: <strong>Ivica Lackovi\u0107<\/strong>, +385 98 958 9481, <a href=\"mailto:ivica.lackovic1@gmail.com\"><span style=\"text-decoration: underline;\"><span style=\"color: #0000ff; text-decoration: underline;\">ivica.lackovic1@gmail.com<\/span><\/span><\/a><\/p>\n<hr \/>\n\n<div class=\"wpcf7 no-js\" id=\"wpcf7-f57-o1\" lang=\"en-US\" dir=\"ltr\">\n<div class=\"screen-reader-response\"><p role=\"status\" aria-live=\"polite\" aria-atomic=\"true\"><\/p> <ul><\/ul><\/div>\n<form action=\"\/index.php?rest_route=%2Fwp%2Fv2%2Fpages%2F26#wpcf7-f57-o1\" method=\"post\" class=\"wpcf7-form init\" aria-label=\"Contact form\" novalidate=\"novalidate\" data-status=\"init\">\n<div style=\"display: none;\">\n<input type=\"hidden\" name=\"_wpcf7\" value=\"57\" \/>\n<input type=\"hidden\" name=\"_wpcf7_version\" value=\"5.7.7\" \/>\n<input type=\"hidden\" name=\"_wpcf7_locale\" value=\"en_US\" \/>\n<input type=\"hidden\" name=\"_wpcf7_unit_tag\" value=\"wpcf7-f57-o1\" \/>\n<input type=\"hidden\" name=\"_wpcf7_container_post\" value=\"0\" \/>\n<input type=\"hidden\" name=\"_wpcf7_posted_data_hash\" value=\"\" \/>\n<\/div>\n<p>Va\u0161e ime (obavezno)\n<\/p>\n<p><span class=\"wpcf7-form-control-wrap\" data-name=\"your-name\"><input size=\"40\" class=\"wpcf7-form-control wpcf7-text wpcf7-validates-as-required\" aria-required=\"true\" aria-invalid=\"false\" value=\"\" type=\"text\" name=\"your-name\" \/><\/span>\n<\/p>\n<p>Va\u0161 mail (obavezno)\n<\/p>\n<p><span class=\"wpcf7-form-control-wrap\" data-name=\"your-email\"><input size=\"40\" class=\"wpcf7-form-control wpcf7-text wpcf7-email wpcf7-validates-as-required wpcf7-validates-as-email\" aria-required=\"true\" aria-invalid=\"false\" value=\"\" type=\"email\" name=\"your-email\" \/><\/span>\n<\/p>\n<p>Predmet\n<\/p>\n<p><span class=\"wpcf7-form-control-wrap\" data-name=\"your-subject\"><input size=\"40\" class=\"wpcf7-form-control wpcf7-text\" aria-invalid=\"false\" value=\"\" type=\"text\" name=\"your-subject\" \/><\/span>\n<\/p>\n<p>Va\u0161a poruka\n<\/p>\n<p><span class=\"wpcf7-form-control-wrap\" data-name=\"your-message\"><textarea cols=\"40\" rows=\"10\" class=\"wpcf7-form-control wpcf7-textarea\" aria-invalid=\"false\" name=\"your-message\"><\/textarea><\/span>\n<\/p>\n<p><input class=\"wpcf7-form-control has-spinner wpcf7-submit\" type=\"submit\" value=\"Po\u0161alji\" \/>\n<\/p><div class=\"wpcf7-response-output\" aria-hidden=\"true\"><\/div>\n<\/form>\n<\/div>\n\n<p>\u00a0<\/p>\n\n\n<p><\/p>\n\n\n\n<hr class=\"wp-block-separator has-css-opacity\"\/>\n\n\n<p>[wpgmza id=&#8221;1&#8243;]<\/p>\n","protected":false},"excerpt":{"rendered":"<p>DOBROVOLJNO VATROGASNO DRU\u0160TVO MARGE\u010cAN DVD Marge\u010dan Trg Sv. Margarete 12, Marge\u010dan 42242 Radovan Tel. +385 42 747 900 e-mail: dvdmargecan@gmail.com OIB: 41992385299 IBAN: HR54 2360 0001 1017 4314 9\u00a0\u00a0\u00a0 Zagreba\u010dka banka Predsjednik: Davor \u0110uras, +385 98 518 807, davor.djuras@gmail.com Tajnik: Anamarija \u0110uras, +385 98 904 9087, aduras88@gmail.com Zapovjednik: Mario Lackovi\u0107, +385 98 909 4427, mr.lackovic@gmail.com &hellip;<br \/><a href=\"https:\/\/dvd-margecan.hr\/?page_id=26\" class=\"more-link pen_button pen_element_default pen_icon_arrow_double\">Continue reading <span class=\"screen-reader-text\">KONTAKT<\/span><\/a><\/p>\n","protected":false},"author":1,"featured_media":0,"parent":0,"menu_order":0,"comment_status":"closed","ping_status":"closed","template":"","meta":[],"_links":{"self":[{"href":"https:\/\/dvd-margecan.hr\/index.php?rest_route=\/wp\/v2\/pages\/26"}],"collection":[{"href":"https:\/\/dvd-margecan.hr\/index.php?rest_route=\/wp\/v2\/pages"}],"about":[{"href":"https:\/\/dvd-margecan.hr\/index.php?rest_route=\/wp\/v2\/types\/page"}],"author":[{"embeddable":true,"href":"https:\/\/dvd-margecan.hr\/index.php?rest_route=\/wp\/v2\/users\/1"}],"replies":[{"embeddable":true,"href":"https:\/\/dvd-margecan.hr\/index.php?rest_route=%2Fwp%2Fv2%2Fcomments&post=26"}],"version-history":[{"count":11,"href":"https:\/\/dvd-margecan.hr\/index.php?rest_route=\/wp\/v2\/pages\/26\/revisions"}],"predecessor-version":[{"id":625,"href":"https:\/\/dvd-margecan.hr\/index.php?rest_route=\/wp\/v2\/pages\/26\/revisions\/625"}],"wp:attachment":[{"href":"https:\/\/dvd-margecan.hr\/index.php?rest_route=%2Fwp%2Fv2%2Fmedia&parent=26"}],"curies":[{"name":"wp","href":"https:\/\/api.w.org\/{rel}","templated":true}]}}