{"id":18,"date":"2016-06-21T04:52:12","date_gmt":"2016-06-21T04:52:12","guid":{"rendered":"http:\/\/dvd-margecan.hr\/?page_id=18"},"modified":"2017-05-15T21:11:19","modified_gmt":"2017-05-15T20:11:19","slug":"oprema","status":"publish","type":"page","link":"https:\/\/dvd-margecan.hr\/?page_id=18","title":{"rendered":"OPREMA"},"content":{"rendered":"<p><table id=\"table_27454997\" width=\"100%\" class=\"bordered\"><thead><tr><th>Vrsta opreme<\/th><th>Mjerna jedinica<\/th><th>Koli\u010dina<\/th><\/tr>\r\n    <\/thead>\r\n    <tbody>\r\n\t\r\n\t<script type=\"text\/javascript\" charset=\"utf-8\">\r\n jQuery(document).ready(function() {\r\n    jQuery('#table_27454997').DataTable( {\"destroy\": true,\"bPaginate\": false,\"bLengthChange\": false,\"bFilter\": false,\"bSort\": false,\"bInfo\": false,\"bStateSave\": true,\"bAutoWidth\": true,\"sPaginationType\": \"full_numbers\",\"oLanguage\": {\r\n\t\t\t\"sLengthMenu\": \"Display _MENU_ records per page\",\r\n\t\t\t\"sZeroRecords\": \"Nothing found - sorry\",\r\n\t\t\t\"sInfo\": \"Showing _START_ to _END_ of _TOTAL_ records\",\r\n\t\t\t\"sInfoEmpty\": \"Showing 0 to 0 of 0 records\",\r\n                        \"sSearch\": \"Search: \",\r\n\t\t\t\"sInfoFiltered\": \"(filtered from _MAX_ total records)\"\r\n\t\t}} );\r\n});\r\n <\/script><tr><td>\"S\" poluga za va\u0111enje \u010davala<\/td><td>kom<\/td><td>2<\/td><\/tr><tr><td>Agregat za elektri\u010dnu struju snage od 5.001 do 10.000 W\r\n<\/td><td>kom<\/td><td>1<\/td><\/tr><tr><td>Aparat za ga\u0161enje na bazi vode VP-25<\/td><td>kom<\/td><td>4<\/td><\/tr><tr><td>Aparat za ga\u0161enje na bazi vode VP-15\r\n<\/td><td>kom<\/td><td>7<\/td><\/tr><tr><td>Aparat za ga\u0161enje na bazi vode V-20<\/td><td>kom<\/td><td>2<\/td><\/tr><tr><td>Aparat za ga\u0161enje prahom S3\r\n<\/td><td>kom<\/td><td>2<\/td><\/tr><tr><td>Aparat za ga\u0161enje prahom S6<\/td><td>kom<\/td><td>2<\/td><\/tr><tr><td>Aparat za ga\u0161enje prahom S9<\/td><td>kom<\/td><td>2<\/td><\/tr><tr><td>Aparat za ga\u0161enje uglji\u010dnim dioksidom\r\n<\/td><td>kom<\/td><td>2<\/td><\/tr><tr><td>Boca sa stla\u010denim zrakom\r\n<\/td><td>kom<\/td><td>4<\/td><\/tr><tr><td>Bu\u0161ilica\r\n<\/td><td>kom<\/td><td>1<\/td><\/tr><tr><td>Cerada za prekrivanje\r\n<\/td><td>kom<\/td><td>1<\/td><\/tr><tr><td>Cijevna povezica fi 52\r\n<\/td><td>kom<\/td><td>3<\/td><\/tr><tr><td>Cijevna povezica fi 75\r\n<\/td><td>kom<\/td><td>3<\/td><\/tr><tr><td>Cijevni dr\u017ea\u010d\r\n<\/td><td>kom<\/td><td>5<\/td><\/tr><tr><td>Cijevni kov\u010deg, B-cijevi\r\n<\/td><td>kom<\/td><td>1<\/td><\/tr><tr><td>Cijevni kov\u010deg, C-cijevi\r\n<\/td><td>kom<\/td><td>2<\/td><\/tr><tr><td>Cijevni most\r\n<\/td><td>kom<\/td><td>4<\/td><\/tr><tr><td>Cijevni nosa\u010d\r\n<\/td><td>kom<\/td><td>25<\/td><\/tr><tr><td>\u010ceki\u0107\r\n<\/td><td>kom<\/td><td>1<\/td><\/tr><tr><td>\u010cunjevi za ozna\u010davanje\r\n<\/td><td>kom<\/td><td>3<\/td><\/tr><tr><td>Elektromotorna sirena za uzbunjivanje vatrogasaca\r\n<\/td><td>kom<\/td><td>1<\/td><\/tr><tr><td>Filtarska za\u0161titna maska\r\n<\/td><td>kom<\/td><td>1<\/td><\/tr><tr><td>Futrola za vatrogasnu sjekiricu\r\n<\/td><td>kom<\/td><td>2<\/td><\/tr><tr><td>Gumene niske \u010dizme\r\n<\/td><td>par<\/td><td>3<\/td><\/tr><tr><td>Gumene visoke \u010dizme s hla\u010dama\r\n<\/td><td>kom<\/td><td>2<\/td><\/tr><tr><td>Gumeni \u010deki\u0107\r\n<\/td><td>kom<\/td><td>1<\/td><\/tr><tr><td>Hidrantski nastavak, oznaka 2 B\r\n<\/td><td>kom<\/td><td>2<\/td><\/tr><tr><td>Hidrauli\u010dna dizalica 12t\r\n<\/td><td>kom<\/td><td>1<\/td><\/tr><tr><td>Hidrauli\u010dna dizalica 6t\r\n<\/td><td>kom<\/td><td>1<\/td><\/tr><tr><td>Ispitni manometar tla\u010dnih cijevi\r\n<\/td><td>kom<\/td><td>1<\/td><\/tr><tr><td>Izolacijski aparat sa stla\u010denim zrakom\r\n<\/td><td>kom<\/td><td>4<\/td><\/tr><tr><td>Kablovi za punjenje akumulatora\r\n<\/td><td>kom<\/td><td>1<\/td><\/tr><tr><td>Karabiner\r\n<\/td><td>kom<\/td><td>11<\/td><\/tr><tr><td>Klasi\u010dna univerzalna mlaznica, promjer B-75 mm\r\n<\/td><td>kom<\/td><td>1<\/td><\/tr><tr><td>Klasi\u010dna univerzalna mlaznica, promjer C-52 mm\r\n<\/td><td>kom<\/td><td>2<\/td><\/tr><tr><td>Klije\u0161ta za sje\u010denje \u017eice\r\n<\/td><td>kom<\/td><td>1<\/td><\/tr><tr><td>Klju\u010d za kota\u010de\r\n<\/td><td>kom<\/td><td>1<\/td><\/tr><tr><td>Klju\u010d za nadzemni hidrant\r\n<\/td><td>kom<\/td><td>3<\/td><\/tr><tr><td>Klju\u010d za podzemni hidrant\r\n<\/td><td>kom<\/td><td>3<\/td><\/tr><tr><td>Komibinirana klije\u0161ta\r\n<\/td><td>kom<\/td><td>1<\/td><\/tr><tr><td>Kutija prve pomo\u0107i\r\n<\/td><td>kom<\/td><td>3<\/td><\/tr><tr><td>Kutija za za\u0161titnu masku\r\n<\/td><td>kom<\/td><td>4<\/td><\/tr><tr><td>Kutna brusilica\r\n<\/td><td>kom<\/td><td>1<\/td><\/tr><tr><td>Lopata pobira\u010da\r\n<\/td><td>kom<\/td><td>2<\/td><\/tr><tr><td>Ljestva rastega\u010da 8m\r\n<\/td><td>kom<\/td><td>1<\/td><\/tr><tr><td>Mehani\u010dka sirena za uzbunjivanje vatrogasaca\r\n<\/td><td>kom<\/td><td>2<\/td><\/tr><tr><td>Metla\r\n<\/td><td>kom<\/td><td>3<\/td><\/tr><tr><td>Metlanica\r\n<\/td><td>kom<\/td><td>9<\/td><\/tr><tr><td>Mlaznica sa slavinom i univerzalnom glavom, promjer C-52 mm\r\n<\/td><td>kom<\/td><td>3<\/td><\/tr><tr><td>Mlaznica sa slavinom, promjer B-75 mm\r\n<\/td><td>kom<\/td><td>1<\/td><\/tr><tr><td>Mlaznica sa slavinom, promjer C-52 mm\r\n<\/td><td>kom<\/td><td>4<\/td><\/tr><tr><td>Mlaznica za srednje te\u0161ku pjenu\r\n<\/td><td>kom<\/td><td>2<\/td><\/tr><tr><td>Monsun mlaznica, promjer C-52 mm\r\n<\/td><td>kom<\/td><td>1<\/td><\/tr><tr><td>Motorna centrifugalna pumpa za ispumpavanje vode protoka od 1001 do 2000 litara\r\n<\/td><td>kom<\/td><td>1<\/td><\/tr><tr><td>Motorna pila za drvo\r\n<\/td><td>kom<\/td><td>1<\/td><\/tr><tr><td>Nastavak za klju\u010d podzemnog hidranta\r\n<\/td><td>kom<\/td><td>1<\/td><\/tr><tr><td>Nosila sklopiva\r\n<\/td><td>kom<\/td><td>1<\/td><\/tr><tr><td>Obi\u010dna mlaznica, promjer C-52 mm\r\n<\/td><td>kom<\/td><td>2<\/td><\/tr><tr><td>Ostala oprema za hidrantsku mre\u017eu\r\n<\/td><td>kom<\/td><td>1<\/td><\/tr><tr><td>Penja\u010dko u\u017ee 30m\r\n<\/td><td>kom<\/td><td>1<\/td><\/tr><tr><td>Penja\u010dko u\u017ee 20m\r\n<\/td><td>kom<\/td><td>1<\/td><\/tr><tr><td>Pijuk\r\n<\/td><td>kom<\/td><td>1<\/td><\/tr><tr><td>Pila za \u017eeljezo\r\n<\/td><td>kom<\/td><td>1<\/td><\/tr><tr><td>Pi\u0161tolj mlaznica, promjer C-52 mm\r\n<\/td><td>kom<\/td><td>2<\/td><\/tr><tr><td>Pi\u0161tolj mlaznica, promjer D-25 mm\r\n<\/td><td>kom<\/td><td>1<\/td><\/tr><tr><td>Plasti\u010dna kanta\r\n<\/td><td>kom<\/td><td>16<\/td><\/tr><tr><td>Plasti\u010dni spremnik za gorivo 10l\r\n<\/td><td>kom<\/td><td>1<\/td><\/tr><tr><td>Plasti\u010dni spremnik za gorivo 5l\r\n<\/td><td>kom<\/td><td>1<\/td><\/tr><tr><td>Predmje\u0161a\u010d vode i pjenila\r\n<\/td><td>kom<\/td><td>2<\/td><\/tr><tr><td>Prijelazna spojnica, A-110 mm \/ B-75 mm\r\n<\/td><td>kom<\/td><td>1<\/td><\/tr><tr><td>Prijelazna spojnica, A-110 mm \/ B-75 mm<\/td><td>kom<\/td><td>2<\/td><\/tr><tr><td>Prijelazna spojnica, B-75 mm \/ C - 52 mm<\/td><td>kom<\/td><td>6<\/td><\/tr><tr><td>Prijenosna centrifugalna vatrogasna pumpa<\/td><td>kom<\/td><td>1<\/td><\/tr><tr><td>Produ\u017eni elektri\u010dni kabel 40m<\/td><td>kom<\/td><td>2<\/td><\/tr><tr><td>Razvalni alat \"Hooligan\"<\/td><td>kom<\/td><td>1<\/td><\/tr><tr><td>Reflektiraju\u0107i prometni sto\u017eac\r\n<\/td><td>kom<\/td><td>2<\/td><\/tr><tr><td>Reflektor s diodama\r\n<\/td><td>kom<\/td><td>2<\/td><\/tr><tr><td>Ru\u010dna akumulatorska svjetiljka u \"S\" izvedbi STREAMLIGHT\r\n<\/td><td>kom<\/td><td>1<\/td><\/tr><tr><td>Ru\u010dna radio stanica\r\n<\/td><td>kom<\/td><td>4<\/td><\/tr><tr><td>Ru\u010dna svjetiljka HALO4\r\n<\/td><td>kom<\/td><td>1<\/td><\/tr><tr><td>Ru\u010dna svjetiljka\r\n<\/td><td>kom<\/td><td>7<\/td><\/tr><tr><td>Ru\u010dna tablica-stop\r\n<\/td><td>kom<\/td><td>1<\/td><\/tr><tr><td>Ru\u010dni alati i pribor u kutiji\r\n<\/td><td>kom<\/td><td>3<\/td><\/tr><tr><td>Rukavice za tehni\u010dke intervencije\r\n<\/td><td>par<\/td><td>4<\/td><\/tr><tr><td>Sabirnica\r\n<\/td><td>kom<\/td><td>1<\/td><\/tr><tr><td>Slijepa spojnica, promjer C-52 mm\r\n<\/td><td>kom<\/td><td>4<\/td><\/tr><tr><td>Stalak za reflektor + reflektor\r\n<\/td><td>kom<\/td><td>1<\/td><\/tr><tr><td>Svjetiljka za kacigu\r\n<\/td><td>kom<\/td><td>10<\/td><\/tr><tr><td>\u0160kare za \u017eeljezo 0,6m\r\n<\/td><td>kom<\/td><td>1<\/td><\/tr><tr><td>\u0160kare za \u017eeljezo 0,9m\r\n<\/td><td>kom<\/td><td>1<\/td><\/tr><tr><td>\u0160pica za beton\r\n<\/td><td>kom<\/td><td>2<\/td><\/tr><tr><td>\u0160umska sjekira\r\n<\/td><td>kom<\/td><td>2<\/td><\/tr><tr><td>Tla\u010dna vatrogasna cijev, plosnata, du\u017eina 15 m, promjer B-75 mm\r\n<\/td><td>kom<\/td><td>10<\/td><\/tr><tr><td>Tla\u010dna vatrogasna cijev, plosnata, du\u017eina 15 m, promjer C-52 mm\r\n<\/td><td>kom<\/td><td>19<\/td><\/tr><tr><td>Torba za u\u017ead\r\n<\/td><td>kom<\/td><td>2<\/td><\/tr><tr><td>Traka za podizanje tereta sa zateza\u010dem\r\n<\/td><td>kom<\/td><td>1<\/td><\/tr><tr><td>Trodjelna razdjelnica\r\n<\/td><td>kom<\/td><td>4<\/td><\/tr><tr><td>Ubla\u017eiva\u010d reakcije vodenog mlaza\r\n<\/td><td>kom<\/td><td>1<\/td><\/tr><tr><td>Univerzalna ljestva 7m\r\n<\/td><td>kom<\/td><td>1<\/td><\/tr><tr><td>Univerzalni klju\u010d za spajanje vatrogasnih cijevi\r\n<\/td><td>kom<\/td><td>7<\/td><\/tr><tr><td>Uranjaju\u0107a elektropumpa protoka od 1001 do 2000 litara\r\n<\/td><td>kom<\/td><td>1<\/td><\/tr><tr><td>Uranjaju\u0107a elektropumpa protoka od 301 do 1000 litara\r\n<\/td><td>kom<\/td><td>1<\/td><\/tr><tr><td>Usisna ko\u0161ara B-75 mm\r\n<\/td><td>kom<\/td><td>1<\/td><\/tr><tr><td>Usisna ko\u0161ara A-110 mm\r\n<\/td><td>kom<\/td><td>1<\/td><\/tr><tr><td>Usisna vatrogasna cijev, du\u017eina 1,6 m, promjer  A-110 mm\r\n<\/td><td>kom<\/td><td>8<\/td><\/tr><tr><td>Usisna vatrogasna cijev, du\u017eina 2,4 m, promjer  B-75 mm\r\n<\/td><td>kom<\/td><td>2<\/td><\/tr><tr><td>Usisna vatrogasna cijev, du\u017eina 2,5 m, promjer  B-75 mm\r\n<\/td><td>kom<\/td><td>4<\/td><\/tr><tr><td>U\u017ee za vezanje usisnog voda\r\n<\/td><td>kom<\/td><td>5<\/td><\/tr><tr><td>Vatrogasna potkapa\r\n<\/td><td>kom<\/td><td>12<\/td><\/tr><tr><td>Vatrogasna sjekirica\r\n<\/td><td>kom<\/td><td>3<\/td><\/tr><tr><td>Vatrogasna za\u0161titna jakna\r\n<\/td><td>kom<\/td><td>16<\/td><\/tr><tr><td>Vatrogasna za\u0161titna kaciga\r\n<\/td><td>kom<\/td><td>10<\/td><\/tr><tr><td>Vatrogasna za\u0161titna kaciga za \u0161umske po\u017eare\r\n<\/td><td>kom<\/td><td>5<\/td><\/tr><tr><td>Vatrogasne za\u0161titne \u010dizme\r\n<\/td><td>par<\/td><td>20<\/td><\/tr><tr><td>Vatrogasne za\u0161titne hla\u010de\r\n<\/td><td>kom<\/td><td>16<\/td><\/tr><tr><td>Vatrogasne za\u0161titne rukavice\r\n<\/td><td>par<\/td><td>15<\/td><\/tr><tr><td>Vatrogasni kombinezon za \u0161umske po\u017eare, dvodijelni\r\n<\/td><td>kom<\/td><td>10<\/td><\/tr><tr><td>Vile\r\n<\/td><td>kom<\/td><td>2<\/td><\/tr><tr><td>Vodoinstalaterska klije\u0161ta za cijevi\r\n<\/td><td>kom<\/td><td>1<\/td><\/tr><tr><td>Za\u0161titne nao\u010dale\r\n<\/td><td>kom<\/td><td>5<\/td><\/tr><tr><td>Za\u0161titni vatrogasni opasa\u010d \u201eTIP A\u201c\r\n<\/td><td>kom<\/td><td>15<\/td><\/tr>\r\n    <\/tbody>\r\n<\/table><\/p>\n","protected":false},"excerpt":{"rendered":"<p>Vrsta opremeMjerna jedinicaKoli\u010dina &#8220;S&#8221; poluga za va\u0111enje \u010davalakom2Agregat za elektri\u010dnu struju snage od 5.001 do 10.000 W kom1Aparat za ga\u0161enje na bazi vode VP-25kom4Aparat za ga\u0161enje na bazi vode VP-15 kom7Aparat za ga\u0161enje na bazi vode V-20kom2Aparat za ga\u0161enje prahom S3 kom2Aparat za ga\u0161enje prahom S6kom2Aparat za ga\u0161enje prahom S9kom2Aparat za ga\u0161enje uglji\u010dnim dioksidom kom2Boca &hellip;<br \/><a href=\"https:\/\/dvd-margecan.hr\/?page_id=18\" class=\"more-link pen_button pen_element_default pen_icon_arrow_double\">Nastavite \u010ditati <span class=\"screen-reader-text\">OPREMA<\/span><\/a><\/p>\n","protected":false},"author":1,"featured_media":0,"parent":0,"menu_order":0,"comment_status":"closed","ping_status":"closed","template":"","meta":[],"_links":{"self":[{"href":"https:\/\/dvd-margecan.hr\/index.php?rest_route=\/wp\/v2\/pages\/18"}],"collection":[{"href":"https:\/\/dvd-margecan.hr\/index.php?rest_route=\/wp\/v2\/pages"}],"about":[{"href":"https:\/\/dvd-margecan.hr\/index.php?rest_route=\/wp\/v2\/types\/page"}],"author":[{"embeddable":true,"href":"https:\/\/dvd-margecan.hr\/index.php?rest_route=\/wp\/v2\/users\/1"}],"replies":[{"embeddable":true,"href":"https:\/\/dvd-margecan.hr\/index.php?rest_route=%2Fwp%2Fv2%2Fcomments&post=18"}],"version-history":[{"count":4,"href":"https:\/\/dvd-margecan.hr\/index.php?rest_route=\/wp\/v2\/pages\/18\/revisions"}],"predecessor-version":[{"id":70,"href":"https:\/\/dvd-margecan.hr\/index.php?rest_route=\/wp\/v2\/pages\/18\/revisions\/70"}],"wp:attachment":[{"href":"https:\/\/dvd-margecan.hr\/index.php?rest_route=%2Fwp%2Fv2%2Fmedia&parent=18"}],"curies":[{"name":"wp","href":"https:\/\/api.w.org\/{rel}","templated":true}]}}