{"id":14,"date":"2016-06-21T04:51:50","date_gmt":"2016-06-21T04:51:50","guid":{"rendered":"http:\/\/dvd-margecan.hr\/?page_id=14"},"modified":"2021-07-09T06:45:39","modified_gmt":"2021-07-09T05:45:39","slug":"povijest","status":"publish","type":"page","link":"https:\/\/dvd-margecan.hr\/?page_id=14","title":{"rendered":"POVIJEST"},"content":{"rendered":"<p>Ime naselja Marge\u010dan nesumnjivo potje\u010de od imena za\u0161titnice \u017eupne crkve svete Margarete i centar je \u017eupe u koju spadaju jo\u0161 i naselja Seljanec, Ose\u010dka, Ga\u010dice, Sta\u017enjevec, Ivane\u010dka \u017deljeznica, Lukavec, \u0160kriljevec, Zavr\u0161je, Filipi\u0107i, Cerje Tu\u017eno, Tu\u017eno, Lovre\u010dan i Radovan. Smjestio se u dolini rijeke Bednje okru\u017een prekrasnim zelenim bregima. U mjestu su ljudi oduvijek bili entuzijasti\u010dni i poduzetni. Bilo je tu raznih obrtnika: kova\u010da, ba\u010dvara, stolara, postolara, kroja\u010da, mljekara\u2026 Tako se ukazala i potreba za osnivanjem dobrovoljnog vatrogasnog dru\u0161tva.<\/p>\n<p>U svibnju 1955. godine podnesen je zahtjev za registraciju DVD-a, a u srpnju iste godine Dobrovoljno vatrogasno dru\u0161tvo Marge\u010dan je i osnovano. Prvi predsjednik Dru\u0161tva\u00a0 bio je Franjo Bre\u017enjak, prvi zapovjednik bio je Martin \u0110uras, a neki od \u010dlanova osniva\u010da bili su Vjekoslav \u0110uras, Lackovi\u0107 Stjepan, Zagorec Izidor, Vida\u010dek Josip, Vida\u010dek Mirko, Jaklin Josip, Bre\u017enjak Stjepan, Bre\u017enjak \u0106iril, Vida\u010dek Slavko, Lackovi\u0107 Milan.<\/p>\n<p>Od svojih ranih po\u010detaka dru\u0161tvo se aktivno uklju\u010dilo u dru\u0161teni \u017eivot mjesta Marge\u010dan, Seljanca, Ose\u010dke, Peca, \u017deljeznice i naselja \u010covrani organiziraju\u0107i razne proslave i zabave. Prema povijesnim podacima uspje\u0161no su sura\u0111ivali i sa okolnim vatrogasnim dru\u0161tvima i u ono vrijeme sa Osnovnom \u0161kolom Marge\u010dan. U izgradnju vatrogasnog doma Dobrovoljno vatrogasno dru\u0161tvo Marge\u010dan kre\u0107e samostalno 1956. godine.<\/p>\n<p>U proteklom razdoblju Dobrovoljno vatrogasno dru\u0161tvo je sudjelovalo u ga\u0161enju nekoliko ve\u0107ih po\u017eara, od kojih je jedan bio i u Marge\u010danu. \u010clanovi dru\u0161tva aktivno sudjeluju i u vatrogasnim vje\u017ebama, od kojih je jedna odr\u017eana i u Vidovcu. Nakon uspje\u0161nog po\u010detka slijedi te\u0161ko razdoblje za DVD Marge\u010dan. Od 1965. godine pa sve do kraja sedamdesetih godina pro\u0161loga stolje\u0107a, \u010dlanovi se bore za opstanak DVD-a. Tada\u0161nje lokalne vlasti u sastavu mjesne zajednice Radovan oduzimaju DVD-u vatrogasni dom i daju ga na kori\u0161tenje firmi \u201eZagorjeplet\u201c. DVD-u ostaju samo podrumske prostorije za opremu. Iako je \u201eZagorjeplet\u201c osigurao stanovnicima Marge\u010dana egzistenciju, oduzimanje vatrogasnog doma bio je velik i te\u017eak udarac za DVD sa kojim se bore i dugi niz godina. Kroz to razdoblje \u010dlanovi dru\u0161tva gube jedino \u0161to su imali, samostalno izgra\u0111eni vatrogasni dom, te vatrogasnu pumpu SAVICA, koja je u to vrijeme bila rashodovana i preseljena u susjedni DVD. Iako se dru\u0161tvo u to vrijeme na\u0161lo u bezizlaznoj situaciji, ipak je ostala nekolicina \u010dlanova u dobroj vjeri i ljubavi prema vatrogastvu, te su oni i najzaslu\u017eniji \u0161to Dobrovoljno vatrogasno dru\u0161tvo djeluje jo\u0161 i danas.<\/p>\n<p>U dru\u0161tvo dolaze mla\u0111i \u010dlanovi koji sa velikom \u017eeljom i entuzijazmom \u017eele da Dobrovoljnom vatrogasnom dru\u0161tvu podare sjaj i mjesto koje sam Marge\u010dan i zaslu\u017euje. Te godine, 1978. sastaju se gospodin Krznar Martin, \u0110uras Dragutin i Vida\u010dek Ivan sa vjerom kako \u0107e pokrenuti dru\u0161tvo da intenzivnije radi i ostvaruje razultate, \u0161to im je i uspjelo. Gospodin Krznar Martin i njegovi suradnici okupljaju oko sebe \u010dlanove koji i obilje\u017eavaju rad dru\u0161tva u narednom razdoblju.<\/p>\n<p>U razdoblju koje slijedi imali su te\u017eak put, no iako bez novaca i vatrogasnog doma, uspjeli su nadmudriti sve neda\u0107e i postavili Dobrovoljnom vatrogasnom dru\u0161tvu Marge\u010dan dobar temelj za budu\u0107nost. Po\u0161to u ono vrijeme dobrovoljno vatrogastvo nije bilo financirano iz dr\u017eavnog prora\u010duna, \u010dlanovi su bili primorani svojim radom opskrbiti dru\u0161tvo minimalnim financijskim prinosima da mo\u017ee djelovati, te su tako svake godine organizirali vatrogasne zabave u dvori\u0161tu u vrijeme proslave na\u0161e za\u0161titnice \u017eupe Svete Margarete, na Margetinju u Marge\u010danu. Dugi niz godina \u010dlanovi dru\u0161tva navedenu su manifestaciju organizirali i odra\u0111ivali \u0161to im je uvelike pomoglo da bi dru\u0161tvo u tim financijski te\u0161kim vremenima i opstalo. U to vrijeme vatrogasni dom bio je u rukama Zagorjepleta sa \u010dime se \u010dlanovi DVD-a nikako nisu mirili, ve\u0107 sa \u010dvrstim stavom i \u017eeljom kre\u0107u u vra\u0107anje onoga \u0161to im je oduvijek i pripadalo, na kraju krajeva \u0161to su sami \u010dlanovi i izgradili. Navedeno nam uspijeva tek krajem 90-tih godina kad smo svoj dom morali kupiti od tada\u0161njeg vlasnika.<\/p>\n<p>DVD Marge\u010dan ve\u0107 je u ono doba imao minimum opreme koje je bilo neophodno za obavljanje vatrogasne djelatnosti. Nabavku opreme financirali su iz zare\u0111enog novca sa organiziranih vatrogasnih zabava na Margetinje, tako su i kupili prvi agregat marke \u201eSORA\u201c, te nedugo nakon tog i prvo kombi vozilo \u201eZASTAVA 850\u201c.<\/p>\n<p>Sredinom 80-tih godina snala\u017eljivo\u0161\u0107u \u010dlanova DVD-a Marge\u010dan izgra\u0111eno je i asfaltirano \u0161kolsko igrali\u0161te u Marge\u010danu. Oduvijek je DVD imao dobar odnos sa Podru\u010dnom \u0161kolom Marge\u010dan pa tako aktivno svi \u010dlanovi sudjeluju i u adaptaciji \u0161kole, kre\u010denjem, te seljenjem iste u prostorije \u017eupne dvorane.<\/p>\n<p>Dobrovoljnom vatrogasnom dru\u0161tvu u drugoj polovici 80-tih, te po\u010detkom 90-tih godina priklju\u010duje se sve ve\u0107i broj \u010dlanova, te aktivno sudjeluju u natjecateljskome dijelu i u vatrogasnoj djelatnosti za\u0161tite od po\u017eara. Rad sa podmlatkom intenzivnije kre\u0107e po\u010detkom 90-tih godina kad je DVD imao natjecateljske ekipe u svim uzrastima. U tome razdoblju ekipe bilje\u017ee zavidne rezultate na gradskim, \u017eupanijskim i dr\u017eavnim natjecanjima, pri \u010demu treba istaknuti sudjelovanje \u017eenske ekipe mlade\u017ei na dr\u017eavnom natjecanju u \u010cakovcu 1998.godine.<\/p>\n<p>Krajem 90-tih, dotrajalo vatrogasno vozilo zamjenjuje se kombi vozilom TAM 75 za prijevoz opreme, kupljeno od DVD-a Ivanec.<\/p>\n<p>Zbog velike potrebe za vozilom za prijevoz ljudi, 2015.godine je nabavljeno rabljeno kombi vozilo marke Renault Master, koje je financirano vlastitim sredstvima iz donacija i sredstvima namijenjenim za nabavku vatrogasne opreme.<\/p>\n<p>Nakon nabavke kombi vozila, po\u010delo se razmi\u0161ljati o podizanju operativnosti Dru\u0161tva, te se krenulo u tra\u017eenje adekvatnog navalnog vozila. Budu\u0107i da je DVD Marge\u010dan u to vrijeme bilo jedino Dru\u0161tvo u Zajednici bez vode na kota\u010dima, uz financijsku pomo\u0107 Grada Ivanca se 2019. godine krenulo u nabavu navalnog vozila. Krajem 2019. nabavljeno je vozilo Iveco EuroCargo 130 E23, sa spremnikom vode od 3000 l, te je u potpunosti opremljeno vatrogasnom opremom.<\/p>\n<p style=\"text-align: center;\">\n<p style=\"text-align: center;\"><img decoding=\"async\" loading=\"lazy\" class=\"alignnone wp-image-60\" src=\"http:\/\/dvd-margecan.hr\/wp-content\/uploads\/2016\/06\/Vatrogasci80tih.jpg\" alt=\"Vatrogasci80tih\" width=\"700\" height=\"536\" srcset=\"https:\/\/dvd-margecan.hr\/wp-content\/uploads\/2016\/06\/Vatrogasci80tih.jpg 1120w, https:\/\/dvd-margecan.hr\/wp-content\/uploads\/2016\/06\/Vatrogasci80tih-300x230.jpg 300w, https:\/\/dvd-margecan.hr\/wp-content\/uploads\/2016\/06\/Vatrogasci80tih-768x588.jpg 768w, https:\/\/dvd-margecan.hr\/wp-content\/uploads\/2016\/06\/Vatrogasci80tih-1024x784.jpg 1024w\" sizes=\"(max-width: 700px) 100vw, 700px\" \/><\/p>\n","protected":false},"excerpt":{"rendered":"<p>Ime naselja Marge\u010dan nesumnjivo potje\u010de od imena za\u0161titnice \u017eupne crkve svete Margarete i centar je \u017eupe u koju spadaju jo\u0161 i naselja Seljanec, Ose\u010dka, Ga\u010dice, Sta\u017enjevec, Ivane\u010dka \u017deljeznica, Lukavec, \u0160kriljevec, Zavr\u0161je, Filipi\u0107i, Cerje Tu\u017eno, Tu\u017eno, Lovre\u010dan i Radovan. Smjestio se u dolini rijeke Bednje okru\u017een prekrasnim zelenim bregima. U mjestu su ljudi oduvijek bili entuzijasti\u010dni &hellip;<br \/><a href=\"https:\/\/dvd-margecan.hr\/?page_id=14\" class=\"more-link pen_button pen_element_default pen_icon_arrow_double\">Nastavite \u010ditati <span class=\"screen-reader-text\">POVIJEST<\/span><\/a><\/p>\n","protected":false},"author":1,"featured_media":0,"parent":0,"menu_order":0,"comment_status":"closed","ping_status":"closed","template":"","meta":[],"_links":{"self":[{"href":"https:\/\/dvd-margecan.hr\/index.php?rest_route=\/wp\/v2\/pages\/14"}],"collection":[{"href":"https:\/\/dvd-margecan.hr\/index.php?rest_route=\/wp\/v2\/pages"}],"about":[{"href":"https:\/\/dvd-margecan.hr\/index.php?rest_route=\/wp\/v2\/types\/page"}],"author":[{"embeddable":true,"href":"https:\/\/dvd-margecan.hr\/index.php?rest_route=\/wp\/v2\/users\/1"}],"replies":[{"embeddable":true,"href":"https:\/\/dvd-margecan.hr\/index.php?rest_route=%2Fwp%2Fv2%2Fcomments&post=14"}],"version-history":[{"count":6,"href":"https:\/\/dvd-margecan.hr\/index.php?rest_route=\/wp\/v2\/pages\/14\/revisions"}],"predecessor-version":[{"id":327,"href":"https:\/\/dvd-margecan.hr\/index.php?rest_route=\/wp\/v2\/pages\/14\/revisions\/327"}],"wp:attachment":[{"href":"https:\/\/dvd-margecan.hr\/index.php?rest_route=%2Fwp%2Fv2%2Fmedia&parent=14"}],"curies":[{"name":"wp","href":"https:\/\/api.w.org\/{rel}","templated":true}]}}