{"id":12,"date":"2016-06-21T04:49:41","date_gmt":"2016-06-21T04:49:41","guid":{"rendered":"http:\/\/dvd-margecan.hr\/?page_id=12"},"modified":"2017-04-17T18:20:29","modified_gmt":"2017-04-17T18:20:29","slug":"o-nama","status":"publish","type":"page","link":"https:\/\/dvd-margecan.hr\/?page_id=12","title":{"rendered":"O NAMA"},"content":{"rendered":"<p>Dobrovoljno vatrogasno dru\u0161tvo Marge\u010dan je dobrovoljna, neprofitna i humanitarna organizacija \u010dija je osnovna djelatnost spa\u0161avanje ljudi i imovine u po\u017earnim ili drugim nepogodama.<\/p>\n<p>Osnovana je 21.07.1955. godine s ciljem pru\u017eanja pomo\u0107i i za\u0161tite stanovnicima naselja Marge\u010dan, Seljanec, Ose\u010dka i \u017deljeznica.<\/p>\n<p>Udru\u017eena je u Vatrogasnu zajednicu Grada Ivanca.<\/p>\n<p><img decoding=\"async\" loading=\"lazy\" class=\"aligncenter wp-image-59 size-large\" src=\"http:\/\/dvd-margecan.hr\/wp-content\/uploads\/2016\/06\/Priznanje-1955-808x1024.jpg\" alt=\"Priznanje 1955\" width=\"640\" height=\"811\" srcset=\"https:\/\/dvd-margecan.hr\/wp-content\/uploads\/2016\/06\/Priznanje-1955-808x1024.jpg 808w, https:\/\/dvd-margecan.hr\/wp-content\/uploads\/2016\/06\/Priznanje-1955-237x300.jpg 237w, https:\/\/dvd-margecan.hr\/wp-content\/uploads\/2016\/06\/Priznanje-1955-768x973.jpg 768w, https:\/\/dvd-margecan.hr\/wp-content\/uploads\/2016\/06\/Priznanje-1955.jpg 1399w\" sizes=\"(max-width: 640px) 100vw, 640px\" \/><\/p>\n","protected":false},"excerpt":{"rendered":"<p>Dobrovoljno vatrogasno dru\u0161tvo Marge\u010dan je dobrovoljna, neprofitna i humanitarna organizacija \u010dija je osnovna djelatnost spa\u0161avanje ljudi i imovine u po\u017earnim ili drugim nepogodama. Osnovana je 21.07.1955. godine s ciljem pru\u017eanja pomo\u0107i i za\u0161tite stanovnicima naselja Marge\u010dan, Seljanec, Ose\u010dka i \u017deljeznica. Udru\u017eena je u Vatrogasnu zajednicu Grada Ivanca.<\/p>\n","protected":false},"author":1,"featured_media":0,"parent":0,"menu_order":0,"comment_status":"closed","ping_status":"closed","template":"","meta":[],"_links":{"self":[{"href":"https:\/\/dvd-margecan.hr\/index.php?rest_route=\/wp\/v2\/pages\/12"}],"collection":[{"href":"https:\/\/dvd-margecan.hr\/index.php?rest_route=\/wp\/v2\/pages"}],"about":[{"href":"https:\/\/dvd-margecan.hr\/index.php?rest_route=\/wp\/v2\/types\/page"}],"author":[{"embeddable":true,"href":"https:\/\/dvd-margecan.hr\/index.php?rest_route=\/wp\/v2\/users\/1"}],"replies":[{"embeddable":true,"href":"https:\/\/dvd-margecan.hr\/index.php?rest_route=%2Fwp%2Fv2%2Fcomments&post=12"}],"version-history":[{"count":3,"href":"https:\/\/dvd-margecan.hr\/index.php?rest_route=\/wp\/v2\/pages\/12\/revisions"}],"predecessor-version":[{"id":63,"href":"https:\/\/dvd-margecan.hr\/index.php?rest_route=\/wp\/v2\/pages\/12\/revisions\/63"}],"wp:attachment":[{"href":"https:\/\/dvd-margecan.hr\/index.php?rest_route=%2Fwp%2Fv2%2Fmedia&parent=12"}],"curies":[{"name":"wp","href":"https:\/\/api.w.org\/{rel}","templated":true}]}}